{"id":201,"date":"2018-05-31T18:03:13","date_gmt":"2018-05-31T16:03:13","guid":{"rendered":"https:\/\/www.shop.strategicdesignscenarios.net\/?page_id=201"},"modified":"2018-05-31T18:03:13","modified_gmt":"2018-05-31T16:03:13","slug":"politique-de-confidentialite","status":"publish","type":"page","link":"https:\/\/www.shop.strategicdesignscenarios.net\/?page_id=201","title":{"rendered":"Politique de confidentialit\u00e9"},"content":{"rendered":"<p>POLITIQUE DE CONFIDENTIALIT\u00c9<\/p>\n<p>&#8212;-<\/p>\n<p>ARTICLE 1 \u2013 RENSEIGNEMENTS PERSONNELS RECUEILLIS<\/p>\n<p>Lorsque vous effectuez un achat sur notre boutique, dans le cadre de notre processus d\u2019achat et de vente, nous recueillons les renseignements personnels que vous nous fournissez, tels que votre nom, votre adresse postale, votre adresse e-mail et votre num\u00e9ro de t\u00e9l\u00e9phone (ainsi que le nom de votre entreprise si vous commandez des produits \u00e0 titre professionnel).<\/p>\n<p>Lorsque vous naviguez sur notre boutique, nous recevons \u00e9galement automatiquement l\u2019adresse de protocole Internet (adresse IP) de votre ordinateur, qui nous permet d\u2019obtenir plus de d\u00e9tails au sujet du navigateur et du syst\u00e8me d\u2019exploitation que vous utilisez.<\/p>\n<p>ARTICLE 2 &#8211; CONSENTEMENT<\/p>\n<p>Comment obtenez-vous mon consentement?<\/p>\n<p>Lorsque vous nous fournissez vos renseignements personnels pour conclure une transaction, v\u00e9rifier votre carte de cr\u00e9dit, passer une commande, planifier une livraison ou retourner un achat, nous pr\u00e9sumons que vous consentez \u00e0 ce que nous recueillions vos renseignements et \u00e0 ce que nous les utilisions \u00e0 cette fin uniquement.<\/p>\n<p>En aucun cas nous n&rsquo;utiliserons vos donn\u00e9es \u00e0 des fins de marketing.<\/p>\n<p>Comment puis-je retirer mon consentement?<\/p>\n<p>Si apr\u00e8s nous avoir donn\u00e9 votre consentement, vous changez d\u2019avis et ne consentez plus \u00e0 ce que nous puissions vous contacter, recueillir vos renseignements ou les divulguer, vous pouvez nous en aviser en nous contactant \u00e0 christophe@strategicdesignscenarios.net ou par courrier \u00e0: Strategic Design Scenarios SPRL 36-38 rue Dautzenberg, Strategic Design Scenarios &#8211; boite 4, Ixelles, BRU, 1050, Belgium<\/p>\n<p>ARTICLE 3 \u2013 DIVULGATION<\/p>\n<p>Nous nous engageons \u00e0 ne pas divulguer vos donn\u00e9es personnelles sauf si la loi nous oblige \u00e0 le faire ou si vous violez nos Conditions G\u00e9n\u00e9rales de Vente et d\u2019Utilisation.<\/p>\n<p>ARTICLE 4 \u2013SERVICES FOURNIS PAR DES TIERS : OVH &#8211; WORDPRESS &#8211; WooCommerce &#8211; STRIPE<\/p>\n<p>Notre site est h\u00e9berg\u00e9 par <a href=\"https:\/\/www.ovh.com\/fr\/\">OVH.com<\/a>. Le site est construit \u00e0 partir d&rsquo;un WordPress et la boutique est rendue possible via le plugin WooCommerce. Enfin le paiement (pour les produits payants) se fait via la plateforme <a href=\"https:\/\/stripe.com\/fr\/privacy\">Stripe<\/a>. Strategic Design Scenarios a seulement acc\u00e8s \u00e0 vos donn\u00e9es personnelles suivante :\u00a0votre nom, votre adresse postale, votre adresse e-mail et votre num\u00e9ro de t\u00e9l\u00e9phone (ainsi que le nom de votre entreprise si vous commandez des produits \u00e0 titre professionnel).<br \/>\nStrategic Design Scenarios n&rsquo;a pas acc\u00e8s \u00e0 vos donn\u00e9es de paiements (num\u00e9ro de carte, date d&rsquo;expiration et code CVC) qui sont uniquement connues du syst\u00e8me de paiement Stripe.\u00a0Stripe est conforme aux normes et directives les plus rigoureuses du\u00a0secteur. Tous les num\u00e9ros de carte sont chiffr\u00e9s sur disque avec AES-256. L\u2019infrastructure de Stripe pour le stockage, le d\u00e9chiffrage et la transmission des num\u00e9ros de carte s\u2019ex\u00e9cute de mani\u00e8re ind\u00e9pendante, sans partager aucune information sensible avec les services principaux de Stripe.<\/p>\n<p>Pour prendre connaissance de la politique de confidentialit\u00e9 de Stripe rendez vous sur\u00a0https:\/\/stripe.com\/be\/privacy<\/p>\n<p>Liens<\/p>\n<p>Vous pourriez \u00eatre amen\u00e9 \u00e0 quitter notre site web en cliquant sur certains liens pr\u00e9sents sur notre site. Nous n\u2019assumons aucune responsabilit\u00e9 quant aux pratiques de confidentialit\u00e9 exerc\u00e9es par ces autres sites et vous recommandons de lire attentivement leurs politiques de confidentialit\u00e9.<\/p>\n<p>ARTICLE 6 \u2013 S\u00c9CURIT\u00c9<\/p>\n<p>Pour prot\u00e9ger vos donn\u00e9es personnelles (nom, adresses, etc.), nous prenons des pr\u00e9cautions raisonnables pour nous assurer qu\u2019elles ne soient pas perdues, d\u00e9tourn\u00e9es, consult\u00e9es, divulgu\u00e9es, modifi\u00e9es ou d\u00e9truites de mani\u00e8re inappropri\u00e9e. Pour vos donn\u00e9es de paiement, la s\u00e9curit\u00e9 est assur\u00e9e par <a href=\"https:\/\/stripe.com\/be\/privacy#security-and-retention\">Stripe<\/a>.<\/p>\n<p>&nbsp;<\/p>\n<p>ARTICLE 7 \u2013 \u00c2GE DE CONSENTEMENT<\/p>\n<p>En utilisant ce site, vous d\u00e9clarez que vous avez au moins l\u2019\u00e2ge de la majorit\u00e9 dans votre \u00c9tat ou province de r\u00e9sidence, et que vous nous avez donn\u00e9 votre consentement pour permettre \u00e0 toute personne d\u2019\u00e2ge mineur \u00e0 votre charge d\u2019utiliser ce site web.<\/p>\n<p>ARTICLE 8 \u2013 MODIFICATIONS APPORT\u00c9ES \u00c0 LA PR\u00c9SENTE POLITIQUE DE CONFIDENTIALIT\u00c9<\/p>\n<p>Nous nous r\u00e9servons le droit de modifier la pr\u00e9sente politique de confidentialit\u00e9 \u00e0 tout moment, donc veuillez s\u2019il vous plait la consulter fr\u00e9quemment. Les changements et les clarifications prendront effet imm\u00e9diatement apr\u00e8s leur publication sur le site web. Si nous apportons des changements au contenu de cette politique, nous vous aviserons ici qu\u2019elle a \u00e9t\u00e9 mise \u00e0 jour, pour que vous sachiez quels renseignements nous recueillons, la mani\u00e8re dont nous les utilisons, et dans quelles circonstances nous les divulguons, s\u2019il y a lieu de le faire.<\/p>\n<p>Si notre boutique fait l\u2019objet d\u2019une acquisition par ou d\u2019une fusion avec une autre entreprise, vos renseignements pourraient \u00eatre transf\u00e9r\u00e9s aux nouveaux propri\u00e9taires pour que nous puissions continuer \u00e0 vous vendre des produits.<\/p>\n<p>QUESTIONS ET COORDONN\u00c9ES<\/p>\n<p>Si vous souhaitez: acc\u00e9der \u00e0, corriger, modifier ou supprimer toute information personnelle que nous avons \u00e0 votre sujet, d\u00e9poser une plainte, ou si vous souhaitez simplement avoir plus d\u2019informations, contactez notre agent responsable des normes de confidentialit\u00e9 \u00e0 christophe@strategicdesignscenarios.net ou par courrier \u00e0 Strategic Design Scenarios SPRL 36-38 rue Dautzenberg, boite 4, Ixelles, BRU, 1050, Belgium<\/p>\n<p>&#8212;-<\/p>\n","protected":false},"excerpt":{"rendered":"<p>POLITIQUE DE CONFIDENTIALIT\u00c9 &#8212;- ARTICLE 1 \u2013 RENSEIGNEMENTS PERSONNELS RECUEILLIS Lorsque vous effectuez un achat sur notre boutique, dans le cadre de notre processus d\u2019achat et de vente, nous recueillons les renseignements personnels que vous nous fournissez, tels que votre nom, votre adresse postale, votre adresse e-mail et votre num\u00e9ro de t\u00e9l\u00e9phone (ainsi que le [&hellip;]<\/p>\n","protected":false},"author":1,"featured_media":0,"parent":0,"menu_order":0,"comment_status":"closed","ping_status":"closed","template":"","meta":{"footnotes":""},"_links":{"self":[{"href":"https:\/\/www.shop.strategicdesignscenarios.net\/index.php?rest_route=\/wp\/v2\/pages\/201"}],"collection":[{"href":"https:\/\/www.shop.strategicdesignscenarios.net\/index.php?rest_route=\/wp\/v2\/pages"}],"about":[{"href":"https:\/\/www.shop.strategicdesignscenarios.net\/index.php?rest_route=\/wp\/v2\/types\/page"}],"author":[{"embeddable":true,"href":"https:\/\/www.shop.strategicdesignscenarios.net\/index.php?rest_route=\/wp\/v2\/users\/1"}],"replies":[{"embeddable":true,"href":"https:\/\/www.shop.strategicdesignscenarios.net\/index.php?rest_route=%2Fwp%2Fv2%2Fcomments&post=201"}],"version-history":[{"count":1,"href":"https:\/\/www.shop.strategicdesignscenarios.net\/index.php?rest_route=\/wp\/v2\/pages\/201\/revisions"}],"predecessor-version":[{"id":202,"href":"https:\/\/www.shop.strategicdesignscenarios.net\/index.php?rest_route=\/wp\/v2\/pages\/201\/revisions\/202"}],"wp:attachment":[{"href":"https:\/\/www.shop.strategicdesignscenarios.net\/index.php?rest_route=%2Fwp%2Fv2%2Fmedia&parent=201"}],"curies":[{"name":"wp","href":"https:\/\/api.w.org\/{rel}","templated":true}]}}