{"id":28,"date":"2017-12-20T17:21:02","date_gmt":"2017-12-20T16:21:02","guid":{"rendered":"http:\/\/www.shop.strategicdesignscenarios.net\/?page_id=28"},"modified":"2018-02-02T16:38:26","modified_gmt":"2018-02-02T15:38:26","slug":"a-propos","status":"publish","type":"page","link":"https:\/\/www.shop.strategicdesignscenarios.net\/?page_id=28","title":{"rendered":"About SDS \/ \u00c0 propos de SDS"},"content":{"rendered":"<p><img loading=\"lazy\" decoding=\"async\" class=\"alignnone wp-image-82 size-large\" src=\"http:\/\/www.shop.strategicdesignscenarios.net\/wp-content\/uploads\/2017\/12\/Capture-d\u2019e\u0301cran-2016-05-03-a\u0300-15.17.48-1024x708-1024x708.png\" alt=\"\" width=\"980\" height=\"678\" srcset=\"https:\/\/www.shop.strategicdesignscenarios.net\/wp-content\/uploads\/2017\/12\/Capture-d\u2019e\u0301cran-2016-05-03-a\u0300-15.17.48-1024x708.png 1024w, https:\/\/www.shop.strategicdesignscenarios.net\/wp-content\/uploads\/2017\/12\/Capture-d\u2019e\u0301cran-2016-05-03-a\u0300-15.17.48-1024x708-500x346.png 500w, https:\/\/www.shop.strategicdesignscenarios.net\/wp-content\/uploads\/2017\/12\/Capture-d\u2019e\u0301cran-2016-05-03-a\u0300-15.17.48-1024x708-300x207.png 300w, https:\/\/www.shop.strategicdesignscenarios.net\/wp-content\/uploads\/2017\/12\/Capture-d\u2019e\u0301cran-2016-05-03-a\u0300-15.17.48-1024x708-768x531.png 768w\" sizes=\"(max-width: 980px) 100vw, 980px\" \/><\/p>\n<p>Strategic Design Scenarios is a sustainability innovation lab specialised in strategic design, scenario building, co-design with users and community centred approaches. We conduct field work, action-research, and training activities. We work both on the present and on the future(s), and both at local level and at meta level.<\/p>\n<p>To know more visit us at :\u00a0http:\/\/www.strategicdesignscenarios.net<\/p>\n<p>\u2013\u2013\u2013\u2013\u2013\u2013\u2013\u2013\u2013<\/p>\n<p>Strategic Design Scenarios est une agence de design, agissant comme un laboratoire d&rsquo;innovation publique et durable et sp\u00e9cialis\u00e9 dans la co-cr\u00e9ation strat\u00e9gique, la construction de sc\u00e9narios, la co-conception avec les utilisateurs et les approches centr\u00e9es sur les usagers. Nous menons des activit\u00e9s de terrain, de recherche-action et de formation. Nous travaillons \u00e0 la fois sur le pr\u00e9sent et sur le futur, et au niveau local et global.<\/p>\n<p>Pour en savoir plus, jetez un oeil ici :\u00a0http:\/\/www.strategicdesignscenarios.net<\/p>\n","protected":false},"excerpt":{"rendered":"<p>Strategic Design Scenarios is a sustainability innovation lab specialised in strategic design, scenario building, co-design with users and community centred approaches. We conduct field work, action-research, and training activities. We work both on the present and on the future(s), and both at local level and at meta level. To know more visit us at :\u00a0http:\/\/www.strategicdesignscenarios.net [&hellip;]<\/p>\n","protected":false},"author":1,"featured_media":0,"parent":0,"menu_order":0,"comment_status":"closed","ping_status":"closed","template":"","meta":{"footnotes":""},"_links":{"self":[{"href":"https:\/\/www.shop.strategicdesignscenarios.net\/index.php?rest_route=\/wp\/v2\/pages\/28"}],"collection":[{"href":"https:\/\/www.shop.strategicdesignscenarios.net\/index.php?rest_route=\/wp\/v2\/pages"}],"about":[{"href":"https:\/\/www.shop.strategicdesignscenarios.net\/index.php?rest_route=\/wp\/v2\/types\/page"}],"author":[{"embeddable":true,"href":"https:\/\/www.shop.strategicdesignscenarios.net\/index.php?rest_route=\/wp\/v2\/users\/1"}],"replies":[{"embeddable":true,"href":"https:\/\/www.shop.strategicdesignscenarios.net\/index.php?rest_route=%2Fwp%2Fv2%2Fcomments&post=28"}],"version-history":[{"count":5,"href":"https:\/\/www.shop.strategicdesignscenarios.net\/index.php?rest_route=\/wp\/v2\/pages\/28\/revisions"}],"predecessor-version":[{"id":83,"href":"https:\/\/www.shop.strategicdesignscenarios.net\/index.php?rest_route=\/wp\/v2\/pages\/28\/revisions\/83"}],"wp:attachment":[{"href":"https:\/\/www.shop.strategicdesignscenarios.net\/index.php?rest_route=%2Fwp%2Fv2%2Fmedia&parent=28"}],"curies":[{"name":"wp","href":"https:\/\/api.w.org\/{rel}","templated":true}]}}