{"id":1194,"date":"2022-12-09T17:19:04","date_gmt":"2022-12-09T16:19:04","guid":{"rendered":"https:\/\/www.shop.strategicdesignscenarios.net\/?post_type=product&#038;p=1194"},"modified":"2024-10-28T11:52:59","modified_gmt":"2024-10-28T10:52:59","slug":"organicskeptic-biosceptique","status":"publish","type":"product","link":"https:\/\/www.shop.strategicdesignscenarios.net\/?product=organicskeptic-biosceptique","title":{"rendered":"OrganicSkeptic game (EN) \/ Jeu BioSceptique (FR)"},"content":{"rendered":"<p style=\"text-align: left;\"><strong>ORGANICSKEPTIC<\/strong><\/p>\n<blockquote><p>WE ALL HAVE A <del>GOOD<\/del> REASON TO DISTRUST<br \/>\nORGANIC CERTIFICATION!<\/p><\/blockquote>\n<p>Do we ?<\/p>\n<p>Organic certification is <strong>essential both for human health and agriculture transition<\/strong>. In practice, transformation of conventional agriculture <strong>is not a smooth process<\/strong> and exchanging with stakeholders reveals very often a whole range of reluctances. Are they <strong>attempts to justify<\/strong> change resistances or <strong>true technical, administrative or economic barriers<\/strong>? The cards deck <em>\u00ab\u00a0We all have a <del>good<\/del> reason to distrust organic certification!\u00a0\u00bb<\/em> <strong>collect all possible counter-arguments heard<\/strong> from farmers, wholesalers, shopkeepers, customers, city services, etc. from different part of Europe where BioCanteens is represented. It doesn\u2019t pretend to be exhaustive but already covers a large range of mistrusts, reservations, concerns or beliefs.<\/p>\n<blockquote><p><strong>ALL WE KNOW ABOUT ORGANIC CERTIFICATION<br \/>\nTHAT WE <del>DON&rsquo;T<\/del> WANT TO SEE!<\/strong><\/p><\/blockquote>\n<p>Because we think that organic certification is <strong>key for food transition, human health and societal resilience<\/strong>, because we know that this <strong>process is not exempt of problems and surely perfectible<\/strong>, we engaged the same stakeholders, toxicology and certification experts to constitute a second cards deck titled <em>\u00ab\u00a0Everything we know about organic certification that we <del>don\u2019t<\/del> want to see!\u00a0\u00bb<\/em>. It provides all <strong>knowledges and arguments<\/strong> we could gather <strong>to fight back stakeholders\u2019 distrust<\/strong> towards organic certification.<\/p>\n<p><span style=\"color: #808080;\">Bilingual game EN\/FR &#8211; 52 cards + game rules<\/span><br \/>\n<span style=\"color: #808080;\">Downloadable digital version<\/span><\/p>\n<p>&nbsp;<\/p>\n<hr \/>\n<h2><\/h2>\n<p><strong>BIOSCEPTIQUE<\/strong><\/p>\n<blockquote><p><strong>NOUS AVONS TOUS UNE <del>BONNE<\/del> RAISON<br \/>\nDE SE M\u00c9FIER DE LA CERTIFICATION BIO !<\/strong><\/p><\/blockquote>\n<p>Vraiment ?<\/p>\n<p>La certification biologique est <strong>essentielle tant pour la sant\u00e9 humaine que pour la transition de l\u2019agriculture<\/strong>. Dans la pratique, la transformation de l\u2019agriculture conventionnelle <strong>ne se fait pas sans heurts<\/strong> et l\u2019\u00e9change avec les parties prenantes r\u00e9v\u00e8le bien souvent toute une s\u00e9rie de frilosit\u00e9s : s\u2019agit-il de<strong> tentatives de justification<\/strong> des r\u00e9sistances au changement ou de <strong>v\u00e9ritables barri\u00e8res techniques, administratives ou \u00e9conomiques<\/strong> ?<\/p>\n<p>Le jeu de cartes <em>\u00ab\u00a0Nous avons tous une <del>bonne<\/del> raison de nous m\u00e9fier de la certification biologique !\u00a0\u00bb<\/em> <strong>rassemble tous les contre-arguments possibles entendus<\/strong> de la part d\u2019agriculteurs, de grossistes, de commer\u00e7ants, de clients, de services municipaux, etc. de diff\u00e9rentes r\u00e9gions d\u2019Europe o\u00f9 BioCanteens est repr\u00e9sent\u00e9. Il n\u2019a pas la pr\u00e9tention d\u2019\u00eatre exhaustif mais couvre d\u00e9j\u00e0 un large \u00e9ventail de m\u00e9fiances, r\u00e9serves, inqui\u00e9tudes ou croyances.<\/p>\n<blockquote><p><strong>TOUT CE QUE NOUS SAVONS SUR LA CERTIFICATION BIO<br \/>\nQUE NOUS <del>NE<\/del> VOULONS <del>PAS<\/del> VOIR !<\/strong><\/p><\/blockquote>\n<p>Parce que nous pensons que la certification biologique est <strong>essentielle pour la transition alimentaire, la sant\u00e9 humaine et la r\u00e9silience de la soci\u00e9t\u00e9<\/strong>, parce que nous savons que ce <strong>processus n\u2019est pas exempt de probl\u00e8mes et s\u00fbrement perfectible<\/strong>, nous avons fait appel aux m\u00eames acteurs, experts en toxicologie et en certification pour constituer un second jeu de cartes intitul\u00e9 <em>\u00ab\u00a0Tout ce que nous savons sur la certification biologique et que nous <del>ne<\/del> voulons <del>pas<\/del> voir !\u00a0\u00bb<\/em>. Il fournit toutes les <strong>connaissances et les arguments<\/strong> que nous avons pu rassembler <strong>pour combattre la m\u00e9fiance des parties prenantes<\/strong> envers la certification biologique.<\/p>\n<p><span style=\"color: #808080;\">Jeu bilingue FR\/EN\u00a0 &#8211; 52 cartes + r\u00e8gles du jeu<\/span><br \/>\n<span style=\"color: #808080;\">Version digitale t\u00e9l\u00e9chargeable<\/span><\/p>\n","protected":false},"excerpt":{"rendered":"<p>ORGANICSKEPTIC WE ALL HAVE A GOOD REASON TO DISTRUST ORGANIC CERTIFICATION! Do we ? Organic certification is essential both for human health and agriculture transition. In practice, transformation of conventional agriculture is not a smooth process and exchanging with stakeholders reveals very often a whole range of reluctances. Are they attempts to justify change resistances [&hellip;]<\/p>\n","protected":false},"featured_media":1207,"template":"","meta":[],"product_cat":[32],"product_tag":[],"_links":{"self":[{"href":"https:\/\/www.shop.strategicdesignscenarios.net\/index.php?rest_route=\/wp\/v2\/product\/1194"}],"collection":[{"href":"https:\/\/www.shop.strategicdesignscenarios.net\/index.php?rest_route=\/wp\/v2\/product"}],"about":[{"href":"https:\/\/www.shop.strategicdesignscenarios.net\/index.php?rest_route=\/wp\/v2\/types\/product"}],"wp:featuredmedia":[{"embeddable":true,"href":"https:\/\/www.shop.strategicdesignscenarios.net\/index.php?rest_route=\/wp\/v2\/media\/1207"}],"wp:attachment":[{"href":"https:\/\/www.shop.strategicdesignscenarios.net\/index.php?rest_route=%2Fwp%2Fv2%2Fmedia&parent=1194"}],"wp:term":[{"taxonomy":"product_cat","embeddable":true,"href":"https:\/\/www.shop.strategicdesignscenarios.net\/index.php?rest_route=%2Fwp%2Fv2%2Fproduct_cat&post=1194"},{"taxonomy":"product_tag","embeddable":true,"href":"https:\/\/www.shop.strategicdesignscenarios.net\/index.php?rest_route=%2Fwp%2Fv2%2Fproduct_tag&post=1194"}],"curies":[{"name":"wp","href":"https:\/\/api.w.org\/{rel}","templated":true}]}}