{"id":31,"date":"2017-12-20T17:21:02","date_gmt":"2017-12-20T16:21:02","guid":{"rendered":"http:\/\/www.shop.strategicdesignscenarios.net\/?p=31"},"modified":"2025-01-16T16:40:19","modified_gmt":"2025-01-16T15:40:19","slug":"beanie","status":"publish","type":"product","link":"https:\/\/www.shop.strategicdesignscenarios.net\/?product=beanie","title":{"rendered":"Scenario stretching game (EN\/FR)"},"content":{"rendered":"<p>Do you know what is\u00a0\u201cScenario-stretching\u201d. Not yet? Well, \u201cScenario-stretching\u201d is a tool, developed by SDS, to co-create disruptive, surprising and out-of-the-box scenarios and solutions.<\/p>\n<p>The game contains 54 cards.<\/p>\n<p>Scenario-stretching is a bilingual game (english and french).<\/p>\n<p><a href=\"https:\/\/www.shop.strategicdesignscenarios.net\/wp-content\/uploads\/2017\/12\/HOWTOPLAY.pdf\">Rules of <em>How to play<\/em> can be downloaded by clicking here.<\/a><\/p>\n<p>\u2013\u2013\u2013\u2013\u2013\u2013\u2013\u2013\u2013\u2013<\/p>\n<p>Scenario-stretching, c&rsquo;est quoi ? Scenario-stretching est un outil co-cr\u00e9er des sc\u00e9narios et des solutions inattendus, incongrus et atypiques.<\/p>\n<p>Le jeu contient 54 cartes.<\/p>\n<p>Sc\u00e9nario-stretching est bilingue, \u00e0 la fois en anglais et en francais!<\/p>\n<p><a href=\"https:\/\/www.shop.strategicdesignscenarios.net\/wp-content\/uploads\/2017\/12\/HOWTOPLAY.pdf\">Les r\u00e8gles du jeu sont accessibles et t\u00e9l\u00e9chargeables en cliquant ici.<\/a><\/p>\n","protected":false},"excerpt":{"rendered":"<p>Do you know what is\u00a0\u201cScenario-stretching\u201d. Not yet? Well, \u201cScenario-stretching\u201d is a tool, developed by SDS, to co-create disruptive, surprising and out-of-the-box scenarios and solutions. The game contains 54 cards. Scenario-stretching is a bilingual game (english and french). Rules of How to play can be downloaded by clicking here. \u2013\u2013\u2013\u2013\u2013\u2013\u2013\u2013\u2013\u2013 Scenario-stretching, c&rsquo;est quoi ? Scenario-stretching est [&hellip;]<\/p>\n","protected":false},"featured_media":75,"template":"","meta":[],"product_cat":[],"product_tag":[],"_links":{"self":[{"href":"https:\/\/www.shop.strategicdesignscenarios.net\/index.php?rest_route=\/wp\/v2\/product\/31"}],"collection":[{"href":"https:\/\/www.shop.strategicdesignscenarios.net\/index.php?rest_route=\/wp\/v2\/product"}],"about":[{"href":"https:\/\/www.shop.strategicdesignscenarios.net\/index.php?rest_route=\/wp\/v2\/types\/product"}],"wp:featuredmedia":[{"embeddable":true,"href":"https:\/\/www.shop.strategicdesignscenarios.net\/index.php?rest_route=\/wp\/v2\/media\/75"}],"wp:attachment":[{"href":"https:\/\/www.shop.strategicdesignscenarios.net\/index.php?rest_route=%2Fwp%2Fv2%2Fmedia&parent=31"}],"wp:term":[{"taxonomy":"product_cat","embeddable":true,"href":"https:\/\/www.shop.strategicdesignscenarios.net\/index.php?rest_route=%2Fwp%2Fv2%2Fproduct_cat&post=31"},{"taxonomy":"product_tag","embeddable":true,"href":"https:\/\/www.shop.strategicdesignscenarios.net\/index.php?rest_route=%2Fwp%2Fv2%2Fproduct_tag&post=31"}],"curies":[{"name":"wp","href":"https:\/\/api.w.org\/{rel}","templated":true}]}}