{"id":501,"date":"2020-10-09T13:05:58","date_gmt":"2020-10-09T11:05:58","guid":{"rendered":"https:\/\/www.shop.strategicdesignscenarios.net\/?post_type=product&#038;p=501"},"modified":"2026-02-19T11:46:16","modified_gmt":"2026-02-19T10:46:16","slug":"high-democratic-quality-design-design-haute-qualite-democratique","status":"publish","type":"product","link":"https:\/\/www.shop.strategicdesignscenarios.net\/?product=high-democratic-quality-design-design-haute-qualite-democratique","title":{"rendered":"High Democratic Quality Design (EN) | Design Haute Qualit\u00e9 D\u00e9mocratique (FR)"},"content":{"rendered":"<p><strong>The publication is both in English and French.<\/strong><\/p>\n<p><strong>EN<\/strong>\u00a0|\u00a0What does design have to do with democracy? Beyond politics, intellectual debates and governance, democracy also takes place around us in our daily lives. Do everyday products, public or private services contribute to increasing the average level of democracy in our society? Or, on the contrary, do they represent an attack, barrier or limit to greater democracy? Is it possible to increase the diffuse level of democracy in our daily lives through a more responsible and thoughtful application of design in product- service systems?<\/p>\n<p><strong>FR<\/strong>\u00a0| Qu\u2019est-ce que le design a \u00e0 voir avec la d\u00e9mocratie ? La d\u00e9mocratie est habituellement per\u00e7ue comme une question de politique, de d\u00e9bat d\u2019id\u00e9es, de gouvernance mais la d\u00e9mocratie se cache aussi dans les replis de notre quotidien. Les produits et les services publics ou priv\u00e9s<br \/>\nque nous utilisons dans la vie de tous les jours contribuent-t-ils \u00e0 augmenter le niveau moyen de d\u00e9mocratie dans la soci\u00e9t\u00e9 ? Ou au contraire est- ce qu\u2019ils repr\u00e9sentent des atteintes, des entraves, des limites \u00e0 plus de d\u00e9mocratie ? Peut-on augmenter le niveau diffus de d\u00e9mocratie dans notre vie quotidienne \u00e0 travers une application plus responsable et r\u00e9fl\u00e9chie du design de syst\u00e8mes produits-services ?<\/p>\n","protected":false},"excerpt":{"rendered":"<p>The publication is both in English and French. EN\u00a0|\u00a0What does design have to do with democracy? Beyond politics, intellectual debates and governance, democracy also takes place around us in our daily lives. Do everyday products, public or private services contribute to increasing the average level of democracy in our society? Or, on the contrary, do [&hellip;]<\/p>\n","protected":false},"featured_media":507,"template":"","meta":[],"product_cat":[29],"product_tag":[],"_links":{"self":[{"href":"https:\/\/www.shop.strategicdesignscenarios.net\/index.php?rest_route=\/wp\/v2\/product\/501"}],"collection":[{"href":"https:\/\/www.shop.strategicdesignscenarios.net\/index.php?rest_route=\/wp\/v2\/product"}],"about":[{"href":"https:\/\/www.shop.strategicdesignscenarios.net\/index.php?rest_route=\/wp\/v2\/types\/product"}],"wp:featuredmedia":[{"embeddable":true,"href":"https:\/\/www.shop.strategicdesignscenarios.net\/index.php?rest_route=\/wp\/v2\/media\/507"}],"wp:attachment":[{"href":"https:\/\/www.shop.strategicdesignscenarios.net\/index.php?rest_route=%2Fwp%2Fv2%2Fmedia&parent=501"}],"wp:term":[{"taxonomy":"product_cat","embeddable":true,"href":"https:\/\/www.shop.strategicdesignscenarios.net\/index.php?rest_route=%2Fwp%2Fv2%2Fproduct_cat&post=501"},{"taxonomy":"product_tag","embeddable":true,"href":"https:\/\/www.shop.strategicdesignscenarios.net\/index.php?rest_route=%2Fwp%2Fv2%2Fproduct_tag&post=501"}],"curies":[{"name":"wp","href":"https:\/\/api.w.org\/{rel}","templated":true}]}}