{"id":505,"date":"2020-10-09T13:11:08","date_gmt":"2020-10-09T11:11:08","guid":{"rendered":"https:\/\/www.shop.strategicdesignscenarios.net\/?post_type=product&#038;p=505"},"modified":"2022-07-13T16:39:34","modified_gmt":"2022-07-13T14:39:34","slug":"acupuncture-de-design-fr-digital-version","status":"publish","type":"product","link":"https:\/\/www.shop.strategicdesignscenarios.net\/?product=acupuncture-de-design-fr-digital-version","title":{"rendered":"Design Acupuncture (EN) | Acupuncture de design (FR)"},"content":{"rendered":"<p><strong data-rich-text-format-boundary=\"true\">EN | How can design facilitate collaboration in the city so as to create supportive, sustainable and democratic lifestyles?<\/strong><\/p>\n<p>Within the context of <strong>Lille 2020, World Design Capital<\/strong>, the Maison POC Collaborative City explores more than a hundred local and global projects as a way of identifying emerging visions of sharing, mutual aid and cooperation.<\/p>\n<p>This publication looks back on two years of investigative work carried out by the curatorial team around the territory\u2019s projects, the public, private and citizen actors who have carried them out and the designers who attended them. It combines these projects with those of <strong>DESIS labs<\/strong> in design schools and universities around the world, with the design of doing and living together in the European cities of the <strong>URBACT networks<\/strong>, and shows how the activation of a set of selected projects acts as a form of acupuncture for the territory and a transformation of a complex system of interrelated actors through a multitude of design projects, from which emerge fifteen new types of collaboration and which constitute models to inspire the design of a more collaborative city.<\/p>\n<p>&nbsp;<\/p>\n<p><strong>FR | Comment le design peut-il faciliter la collaboration dans la ville pour inventer des modes de vie plus solidaires, soutenables et d\u00e9mocratiques ?<\/strong><\/p>\n<p>Dans le cadre de<strong>\u00a0Lille 2020, Capitale Mondiale du Design<\/strong>, la Maison POC Ville collaborative explore plus d\u2019une centaine de projets locaux et du monde pour d\u00e9tecter les visions \u00e9mergentes de partage, d\u2019entre-aide et de coop\u00e9ration.<\/p>\n<p>Cette publication revient sur les deux ans de travail d\u2019enqu\u00eate de l\u2019\u00e9quipe commissariat aupr\u00e8s des projets du territoire, des acteurs publics, priv\u00e9s et citoyens qui les portent et des designers qui les accompagnent. Elle croise ces projets avec ceux des\u00a0<strong>labos DESIS<\/strong>\u00a0d\u2019\u00e9coles et universit\u00e9s de design du monde entier, avec le design du faire et du vivre ensemble des villes europ\u00e9ennes des\u00a0<strong>r\u00e9seaux URBACT<\/strong>\u00a0et montre comment l\u2019activation d\u2019un ensemble de projets choisis constitue une forme d\u2019acupuncture du territoire, de transformation d\u2019un syst\u00e8me complexe d\u2019acteurs en interrelation par une multitude de projet de design dont \u00e9merge une quinzaine de nouvelles formes de collaboration et qui constituent autant de mod\u00e8le pour inspirer le design d\u2019une ville plus collaborative.<\/p>\n","protected":false},"excerpt":{"rendered":"<p>EN | How can design facilitate collaboration in the city so as to create supportive, sustainable and democratic lifestyles? Within the context of Lille 2020, World Design Capital, the Maison POC Collaborative City explores more than a hundred local and global projects as a way of identifying emerging visions of sharing, mutual aid and cooperation. [&hellip;]<\/p>\n","protected":false},"featured_media":506,"template":"","meta":[],"product_cat":[29],"product_tag":[],"_links":{"self":[{"href":"https:\/\/www.shop.strategicdesignscenarios.net\/index.php?rest_route=\/wp\/v2\/product\/505"}],"collection":[{"href":"https:\/\/www.shop.strategicdesignscenarios.net\/index.php?rest_route=\/wp\/v2\/product"}],"about":[{"href":"https:\/\/www.shop.strategicdesignscenarios.net\/index.php?rest_route=\/wp\/v2\/types\/product"}],"wp:featuredmedia":[{"embeddable":true,"href":"https:\/\/www.shop.strategicdesignscenarios.net\/index.php?rest_route=\/wp\/v2\/media\/506"}],"wp:attachment":[{"href":"https:\/\/www.shop.strategicdesignscenarios.net\/index.php?rest_route=%2Fwp%2Fv2%2Fmedia&parent=505"}],"wp:term":[{"taxonomy":"product_cat","embeddable":true,"href":"https:\/\/www.shop.strategicdesignscenarios.net\/index.php?rest_route=%2Fwp%2Fv2%2Fproduct_cat&post=505"},{"taxonomy":"product_tag","embeddable":true,"href":"https:\/\/www.shop.strategicdesignscenarios.net\/index.php?rest_route=%2Fwp%2Fv2%2Fproduct_tag&post=505"}],"curies":[{"name":"wp","href":"https:\/\/api.w.org\/{rel}","templated":true}]}}