{"id":508,"date":"2020-10-09T14:56:25","date_gmt":"2020-10-09T12:56:25","guid":{"rendered":"https:\/\/www.shop.strategicdesignscenarios.net\/?post_type=product&#038;p=508"},"modified":"2022-04-04T16:45:33","modified_gmt":"2022-04-04T14:45:33","slug":"la-ville-collaborative-fr-digital-version","status":"publish","type":"product","link":"https:\/\/www.shop.strategicdesignscenarios.net\/?product=la-ville-collaborative-fr-digital-version","title":{"rendered":"La Ville Collaborative (FR) | Digital version"},"content":{"rendered":"<p><strong>La Ville Collaborative \u2013 Quand les collectifs citoyens et les pouvoirs locaux travaillent ensemble.<\/strong><\/p>\n<p>Le projet\u00a0<a href=\"http:\/\/www.vilco.brussels\/\" target=\"_blank\" rel=\"noreferrer noopener\">VILCO<\/a>\u00a0(contraction de \u201cVille Collaborative\u201c) est n\u00e9 d\u2019un constat : Bruxelles compte une multitude d\u2019initiatives citoyennes qui s\u2019engagent pour une meilleure qualit\u00e9 de vie, pour une mobilit\u00e9 plus douce, pour un meilleur vivre ensemble, pour le climat, pour l\u2019environnement, etc. Les Communes et la R\u00e9gion, quant \u00e0 elles, d\u00e9veloppent quantit\u00e9 de politiques et d\u2019actions en faveur du d\u00e9veloppement durable. Ces deux acteurs ne se parlent pas ou peu et ne collaborent que trop rarement. Ils partagent pourtant nombre d\u2019objectifs pour que demain Bruxelles soit une ville pr\u00e9par\u00e9e pour les d\u00e9fis du 21\u00e8me si\u00e8cle : plus r\u00e9siliente, plus accueillante, plus durable.<\/p>\n<p>De ce postulat est n\u00e9 le questionnement central de\u00a0<a href=\"http:\/\/www.vilco.brussels\/\" target=\"_blank\" rel=\"noreferrer noopener\">VILCO<\/a>\u00a0:<br \/>\n<strong>\u00abComment pouvoirs locaux et collectifs citoyens peuvent-ils mieux collaborer pour d\u00e9velopper la r\u00e9silience des dynamiques locales en faveur de l\u2019environnement ?\u00bb<\/strong><\/p>\n<p>Cette publication est l\u2019aboutissement de 3 ann\u00e9es de recherche-action participative du projet VILCO (financ\u00e9 par le programme Co-Create d\u2019Innoviris). Vous y trouverez nos r\u00e9flexions, nos apprentissages, des conseils issus de notre pratique, le r\u00e9cit des exp\u00e9rimentations qui ont \u00e9t\u00e9 men\u00e9 dans les 5 livings-labs du projet et de nombreux outils et ressources pour aller plus loin et permettre la diss\u00e9mination du savoir pour une meilleure collaboration entre pouvoirs publics locaux et citoyens.<\/p>\n","protected":false},"excerpt":{"rendered":"<p>La Ville Collaborative \u2013 Quand les collectifs citoyens et les pouvoirs locaux travaillent ensemble. Le projet\u00a0VILCO\u00a0(contraction de \u201cVille Collaborative\u201c) est n\u00e9 d\u2019un constat : Bruxelles compte une multitude d\u2019initiatives citoyennes qui s\u2019engagent pour une meilleure qualit\u00e9 de vie, pour une mobilit\u00e9 plus douce, pour un meilleur vivre ensemble, pour le climat, pour l\u2019environnement, etc. Les [&hellip;]<\/p>\n","protected":false},"featured_media":509,"template":"","meta":[],"product_cat":[29],"product_tag":[],"_links":{"self":[{"href":"https:\/\/www.shop.strategicdesignscenarios.net\/index.php?rest_route=\/wp\/v2\/product\/508"}],"collection":[{"href":"https:\/\/www.shop.strategicdesignscenarios.net\/index.php?rest_route=\/wp\/v2\/product"}],"about":[{"href":"https:\/\/www.shop.strategicdesignscenarios.net\/index.php?rest_route=\/wp\/v2\/types\/product"}],"wp:featuredmedia":[{"embeddable":true,"href":"https:\/\/www.shop.strategicdesignscenarios.net\/index.php?rest_route=\/wp\/v2\/media\/509"}],"wp:attachment":[{"href":"https:\/\/www.shop.strategicdesignscenarios.net\/index.php?rest_route=%2Fwp%2Fv2%2Fmedia&parent=508"}],"wp:term":[{"taxonomy":"product_cat","embeddable":true,"href":"https:\/\/www.shop.strategicdesignscenarios.net\/index.php?rest_route=%2Fwp%2Fv2%2Fproduct_cat&post=508"},{"taxonomy":"product_tag","embeddable":true,"href":"https:\/\/www.shop.strategicdesignscenarios.net\/index.php?rest_route=%2Fwp%2Fv2%2Fproduct_tag&post=508"}],"curies":[{"name":"wp","href":"https:\/\/api.w.org\/{rel}","templated":true}]}}