{"id":67,"date":"2018-01-09T12:49:52","date_gmt":"2018-01-09T11:49:52","guid":{"rendered":"http:\/\/www.shop.strategicdesignscenarios.net\/?post_type=product&#038;p=67"},"modified":"2023-03-24T12:34:24","modified_gmt":"2023-03-24T11:34:24","slug":"evalophobia","status":"publish","type":"product","link":"https:\/\/www.shop.strategicdesignscenarios.net\/?product=evalophobia","title":{"rendered":"Evalophobia (FR &#8211; EN)"},"content":{"rendered":"<p><iframe loading=\"lazy\" title=\"YouTube video player\" src=\"https:\/\/www.youtube.com\/embed\/SCbPYlKfm0o\" width=\"825\" height=\"464\" frameborder=\"0\" allowfullscreen=\"allowfullscreen\"><span data-mce-type=\"bookmark\" style=\"display: inline-block; width: 0px; overflow: hidden; line-height: 0;\" class=\"mce_SELRES_start\">\ufeff<\/span><\/iframe><\/p>\n<p><strong>EVALOPHOBIA : On a tous une bonne raison de ne pas faire de l&rsquo;\u00e9valuation (de politiques publiques)<\/strong><\/p>\n<p>EVALOPHOBIA est un dr\u00f4le de jeu. Pourquoi \u00a0? Parce le but du jeu n\u2019est ni de gagner le plus de points, ni de remporter le plus de cartes ou d\u2019en avoir le moins possible, ni d\u2019emmagasiner des richesses, ni m\u00eame d\u2019\u00e9liminer toutes les autres joueurs.\u00a0Mais quel est l\u2019int\u00e9r\u00eat nous direz vous ?<\/p>\n<p>Et bien, EVALOPHOBIA est un jeu dont le but est de\u00a0d\u00e9bloquer les bloqu\u00e9(e)s de l\u2019\u00e9valuation. La mission ? Identifier toutes les\u00a0<s>bonnes<\/s>\u00a0raisons que l\u2019on a de ne pas faire de l\u2019\u00e9valuation, de comprendre pourquoi c\u2019est parfois si compliqu\u00e9 de se lancer dans une d\u00e9marche d\u2019\u00e9valuation dans une administration publique, et de s\u2019interroger sur les leviers \u00e0 actionner pour permettre la mise en place de ce type de\u00a0d\u00e9marche.\u00a0<b>C\u2019est aussi l\u2019occasion de mettre les pieds dans le plat, d\u2019appuyer l\u00e0 o\u00f9 \u00e7a fait mal, de titiller l\u2019institution, tout cela dans la bonne humeur, la joie et la convivialit\u00e9.<\/b><\/p>\n<p>Enfin, ce jeu est un v\u00e9ritable outil de travail au service de tous les agents en charge de mener des d\u00e9marches d\u2019\u00e9valuation de leurs projets de territoires.<\/p>\n<p><strong>Evalophobia a \u00e9t\u00e9 laur\u00e9at du prix Futurs Publics lors de la Cousinade de l&rsquo;innovation publique 2017.<\/strong><\/p>\n<p>Format Jeu de cartes poker<br \/>\nVersion digitale t\u00e9l\u00e9chargeable<\/p>\n<hr \/>\n<p>Pour en savoir plus sur Evalophobia :\u00a0http:\/\/www.sustainable-everyday-project.net\/evalophobia\/<\/p>\n<p><span style=\"text-decoration: underline;\"><strong>La commande vous permet de t\u00e9l\u00e9charger la version num\u00e9rique du jeu.<\/strong><\/span> Pour obtenir la version cartes \u00e0 jouer imprim\u00e9e, merci de faire la demande au pr\u00e8s de Strategic Design Scenarios : christophe@strategicdesignscenarios.net<\/p>\n<hr \/>\n<p><strong>EVALOPHOBIA : We all have a good reason to not evaluate public policies<\/strong><\/p>\n<p>EVALOPHOBIA is a strange game. Why? Because the goal of the game is neither to gain the most points, nor to win the most cards or to have as few cards as possible, neither to store wealth, nor even to eliminate all the other players. So what is the point ?<\/p>\n<p>Well, EVALOPHOBIA is a game whose goal is to unlock the people \u00ab\u00a0blocked\u00a0\u00bb by evaluation. The mission ? Identify all the (good) reasons of why we do not evaluate public policies, understand why it is sometimes so complicated to embark people on an evaluation process within a public administration, and to identify what are the levers that need to be operated to allow the implementation of evaluation processes. <strong>It is also an opportunity to provoke, to press where it hurts, to tease the institution, but with a friendly spirit, and through a joyful and convivial moment.<\/strong><\/p>\n<p>In the end, this game is a real working tool at the service of all the civil servants in charge of evaluating their projects.<\/p>\n<p><strong>Evalophobia received the \u201cFuturs Publics\u201c Award during the 2017 \u00ab\u00a0Cousinade de l&rsquo;innovation publique\u00a0\u00bb.<\/strong><\/p>\n<p>Poker Card Game Format<br \/>\nDownloadable digital version<\/p>\n<hr \/>\n<p>To learn more about Evalophobia: http:\/\/www.sustainable-everyday-project.net\/evalophobia\/<\/p>\n<p>The download will take you to the PDF version of the game. To get the printed playing cards version, please make a request to Quadrant Conseil\u00a0vhonore[at]quadrant-conseil.fr or Strategic Design Scenarios christophe[at]strategicdesignscenarios.net<\/p>\n","protected":false},"excerpt":{"rendered":"<p>\ufeff EVALOPHOBIA : On a tous une bonne raison de ne pas faire de l&rsquo;\u00e9valuation (de politiques publiques) EVALOPHOBIA est un dr\u00f4le de jeu. Pourquoi \u00a0? Parce le but du jeu n\u2019est ni de gagner le plus de points, ni de remporter le plus de cartes ou d\u2019en avoir le moins possible, ni d\u2019emmagasiner des [&hellip;]<\/p>\n","protected":false},"featured_media":111,"template":"","meta":[],"product_cat":[32],"product_tag":[],"_links":{"self":[{"href":"https:\/\/www.shop.strategicdesignscenarios.net\/index.php?rest_route=\/wp\/v2\/product\/67"}],"collection":[{"href":"https:\/\/www.shop.strategicdesignscenarios.net\/index.php?rest_route=\/wp\/v2\/product"}],"about":[{"href":"https:\/\/www.shop.strategicdesignscenarios.net\/index.php?rest_route=\/wp\/v2\/types\/product"}],"wp:featuredmedia":[{"embeddable":true,"href":"https:\/\/www.shop.strategicdesignscenarios.net\/index.php?rest_route=\/wp\/v2\/media\/111"}],"wp:attachment":[{"href":"https:\/\/www.shop.strategicdesignscenarios.net\/index.php?rest_route=%2Fwp%2Fv2%2Fmedia&parent=67"}],"wp:term":[{"taxonomy":"product_cat","embeddable":true,"href":"https:\/\/www.shop.strategicdesignscenarios.net\/index.php?rest_route=%2Fwp%2Fv2%2Fproduct_cat&post=67"},{"taxonomy":"product_tag","embeddable":true,"href":"https:\/\/www.shop.strategicdesignscenarios.net\/index.php?rest_route=%2Fwp%2Fv2%2Fproduct_tag&post=67"}],"curies":[{"name":"wp","href":"https:\/\/api.w.org\/{rel}","templated":true}]}}