{"id":84,"date":"2018-02-02T16:49:31","date_gmt":"2018-02-02T15:49:31","guid":{"rendered":"http:\/\/www.shop.strategicdesignscenarios.net\/?post_type=product&#038;p=84"},"modified":"2018-02-06T10:41:42","modified_gmt":"2018-02-06T09:41:42","slug":"visions21","status":"publish","type":"product","link":"https:\/\/www.shop.strategicdesignscenarios.net\/?product=visions21","title":{"rendered":"Visions+21 (FR)"},"content":{"rendered":"<div class=\"posttitle\">\n<h1>Visions+21<\/h1>\n<\/div>\n<p>Pour permettre aux collectivit\u00e9s locales de s\u2019emparer des r\u00e9flexions du groupe de travail national sur les\u00a0<a href=\"http:\/\/www.sustainable-everyday-project.net\/agenda21\/\" target=\"_blank\" rel=\"noopener\">\u201cAgendas 21 de demain\u201d<\/a>\u00a0et d\u2019animer une d\u00e9marche de prospective de leur propre Agenda 21 local, une bo\u00eete \u00e0 outils a \u00e9t\u00e9 d\u00e9velopp\u00e9e au cours de l\u2019ann\u00e9e 2013. Des collectivit\u00e9s en Gironde, en Midi-Pyr\u00e9n\u00e9es et en Bretagne ont contribu\u00e9 \u00e0 l\u2019enrichir. Elle se pr\u00e9sente sous la forme d\u2019une s\u00e9rie d\u2019outils-exercices, \u00e0 moduler en fonction des besoins des collectivit\u00e9s. Certains outils sont plus destin\u00e9s \u00e0 co-produire une vision souhait\u00e9e d\u2019un territoire durable. D\u2019autres ont plus vocation \u00e0 s\u2019interroger collectivement sur les processus en cours et \u00e0 d\u00e9cliner un sc\u00e9nario adapt\u00e9 au territoire. Comme toute bo\u00eete \u00e0 outils, l\u2019usage et le choix des outils \u00e0 mettre en \u0153uvre sont \u00e0 adapter aux sp\u00e9cificit\u00e9s du territoire en s\u2019inspirant des exemples conduits avec la ville de St Orens, avec Lorient Agglom\u00e9ration, le d\u00e9partement de la Gironde, le Comit\u00e9 r\u00e9gional A21 Bretagne, la r\u00e9gion Midi-Pyr\u00e9n\u00e9es et les modes d\u2019emplois, conseils, tutoriaux qu\u2019ils nous ont aid\u00e9 \u00e0 construire\u2026<\/p>\n<p>Pour en savoir plus sur Visions+21 :\u00a0http:\/\/www.sustainable-everyday-project.net\/boite-a-outils-visions-21\/<\/p>\n<p><iframe loading=\"lazy\" src=\"\/\/www.dailymotion.com\/embed\/video\/k2w9I46DTTk1fW89aki?autoPlay=0\" width=\"650\" height=\"365\" frameborder=\"0\" allowfullscreen=\"allowfullscreen\"><\/iframe><\/p>\n<h3>UNE BO\u00ceTE \u00c0 OUTILS EN CREATIVE COMMONS<\/h3>\n<p>La Boite \u00e0 outils Visions+21 est\u00a0mise \u00e0 disposition selon les termes de la\u00a0<a href=\"http:\/\/creativecommons.org\/licenses\/by-sa\/4.0\/\" rel=\"license\">Licence Creative Commons Attribution \u2013 Partage dans les M\u00eames Conditions 4.0 International<\/a>.<\/p>\n<p><strong>Au total 5 outils sont \u00e0 disposition:<\/strong><\/p>\n<p><strong>\u00a0\u00a0<\/strong>\u00a0<a href=\"http:\/\/www.sustainable-everyday-project.net\/boite-a-outils-visions-21\/files\/2014\/03\/outil2.png\"><img loading=\"lazy\" decoding=\"async\" class=\"alignleft\" title=\"outil2\" src=\"http:\/\/www.sustainable-everyday-project.net\/boite-a-outils-visions-21\/files\/2014\/03\/outil2.png\" alt=\"\" width=\"61\" height=\"81\" \/><\/a>1_Autoportrait perceptif des politiques durables locales L\u2019objectif pour les d\u00e9marches d\u00e9j\u00e0 engag\u00e9es est d\u2019estimer comment elles sont per\u00e7ues par les parties prenantes elles-m\u00eames, quelle est leur image, leur valeur. Ce regard r\u00e9flexif produit en mode \u2018portrait chinois\u2019 r\u00e9v\u00e8le les forces et aussi les faiblesses des politiques durables locales avant de lancer un travail projectif\u2026<\/p>\n<p><img loading=\"lazy\" decoding=\"async\" class=\"alignleft\" title=\"outil1\" src=\"http:\/\/www.sustainable-everyday-project.net\/boite-a-outils-visions-21\/files\/2014\/03\/outil1.png\" alt=\"\" width=\"32\" height=\"88\" \/>\u00a02_Contextualisation des territoires dans l\u2019environnement strat\u00e9gique L\u2019objectif est d\u2019\u00e9changer sur les enjeux sociaux, environnementaux, \u00e9conomiques du territoire \u00e0 moyen terme et de construire une vision de l\u2019avenir partag\u00e9e entre les parties prenantes. Des titres de journaux fictifs d\u2019ici \u00e0 2035 sont partag\u00e9s. Les parties prenantes les discutent, choisissent ceux qui sont les plus pertinents pour leur territoire et \u00e9changent leurs motivations autour d\u2019un accrochage de leurs travaux\u2026<\/p>\n<p><a href=\"http:\/\/www.sustainable-everyday-project.net\/boite-a-outils-visions-21\/files\/2014\/03\/outil31.png\"><img loading=\"lazy\" decoding=\"async\" class=\"alignleft\" title=\"outil3\" src=\"http:\/\/www.sustainable-everyday-project.net\/boite-a-outils-visions-21\/files\/2014\/03\/outil31.png\" alt=\"\" width=\"30\" height=\"88\" \/><\/a>3_Tests de robustesse des territoires en transition L\u2019objectif est d\u2019explorer collectivement les forces et faiblesses du territoire en le mettant \u00e0 l\u2019\u00e9preuve des grands d\u00e9fis qui guettent le territoire \u00e0 un horizon de 20 sont concoct\u00e9s \u00e0 l\u2019avance. Les parties prenantes jouent les journalistes de l\u2019avenir et imaginent r\u00e9trospectivement ce que le territoire a du mettre en place pour mieux r\u00e9sister \u00e0 ces d\u00e9fis qu\u2019ils mettent en forme dans un petit reportage vid\u00e9o\u2026<\/p>\n<p><a href=\"http:\/\/www.sustainable-everyday-project.net\/boite-a-outils-visions-21\/files\/2014\/03\/outil4.png\"><img loading=\"lazy\" decoding=\"async\" class=\"alignleft\" title=\"outil4\" src=\"http:\/\/www.sustainable-everyday-project.net\/boite-a-outils-visions-21\/files\/2014\/03\/outil4.png\" alt=\"\" width=\"27\" height=\"89\" \/><\/a>4_Cr\u00e9ation\/adaptation d\u2019un sc\u00e9nario de transition \u00e9cologique vers le d\u00e9veloppement durable local L\u2019objectif est d\u2019articuler un sc\u00e9nario partag\u00e9, adapt\u00e9 au territoire, d\u00e9sirable et atteignable en imaginant des transformations dans les modes de gouvernance, les outils et dispositifs, le r\u00e9-agencement des acteurs, etc. Les parties prenantes composent leurs sc\u00e9narios par blocs qu\u2019ils enchainent et racontent sous la forme d\u2019une courte animation auto-produite par les participants eux-m\u00eame\u2026<\/p>\n<p><a href=\"http:\/\/www.sustainable-everyday-project.net\/boite-a-outils-visions-21\/files\/2014\/03\/outil5.png\"><img loading=\"lazy\" decoding=\"async\" class=\"alignleft\" title=\"outil5\" src=\"http:\/\/www.sustainable-everyday-project.net\/boite-a-outils-visions-21\/files\/2014\/03\/outil5.png\" alt=\"\" width=\"68\" height=\"62\" \/><\/a>5_Pistes d\u2019\u00e9volution du projet territorial de d\u00e9veloppement durable \u00c0 la suite de l\u2019\u00e9laboration d\u2019un sc\u00e9nario, l\u2019objectif de cet outil est de permettre de construire et baliser le parcours n\u00e9cessaire pour l\u2019atteindre, d\u00e9finir les \u00e9tapes pour avancer, les acteurs \u00e0 mobiliser, les actions \u00e0 prioriser et poser des \u00e9ch\u00e9ances. En mode \u2018back-casting\u2019 les parties prenantes partent de leur vision souhait\u00e9e, explorent et \u00e9prouvent de mani\u00e8re qualitative les chemins susceptibles d\u2019y conduire\u2026<\/p>\n","protected":false},"excerpt":{"rendered":"<p>Visions+21 Pour permettre aux collectivit\u00e9s locales de s\u2019emparer des r\u00e9flexions du groupe de travail national sur les\u00a0\u201cAgendas 21 de demain\u201d\u00a0et d\u2019animer une d\u00e9marche de prospective de leur propre Agenda 21 local, une bo\u00eete \u00e0 outils a \u00e9t\u00e9 d\u00e9velopp\u00e9e au cours de l\u2019ann\u00e9e 2013. Des collectivit\u00e9s en Gironde, en Midi-Pyr\u00e9n\u00e9es et en Bretagne ont contribu\u00e9 \u00e0 [&hellip;]<\/p>\n","protected":false},"featured_media":86,"template":"","meta":[],"product_cat":[],"product_tag":[],"_links":{"self":[{"href":"https:\/\/www.shop.strategicdesignscenarios.net\/index.php?rest_route=\/wp\/v2\/product\/84"}],"collection":[{"href":"https:\/\/www.shop.strategicdesignscenarios.net\/index.php?rest_route=\/wp\/v2\/product"}],"about":[{"href":"https:\/\/www.shop.strategicdesignscenarios.net\/index.php?rest_route=\/wp\/v2\/types\/product"}],"wp:featuredmedia":[{"embeddable":true,"href":"https:\/\/www.shop.strategicdesignscenarios.net\/index.php?rest_route=\/wp\/v2\/media\/86"}],"wp:attachment":[{"href":"https:\/\/www.shop.strategicdesignscenarios.net\/index.php?rest_route=%2Fwp%2Fv2%2Fmedia&parent=84"}],"wp:term":[{"taxonomy":"product_cat","embeddable":true,"href":"https:\/\/www.shop.strategicdesignscenarios.net\/index.php?rest_route=%2Fwp%2Fv2%2Fproduct_cat&post=84"},{"taxonomy":"product_tag","embeddable":true,"href":"https:\/\/www.shop.strategicdesignscenarios.net\/index.php?rest_route=%2Fwp%2Fv2%2Fproduct_tag&post=84"}],"curies":[{"name":"wp","href":"https:\/\/api.w.org\/{rel}","templated":true}]}}