{"id":94,"date":"2018-02-09T13:34:51","date_gmt":"2018-02-09T12:34:51","guid":{"rendered":"http:\/\/www.shop.strategicdesignscenarios.net\/?post_type=product&#038;p=94"},"modified":"2019-09-03T16:02:01","modified_gmt":"2019-09-03T14:02:01","slug":"phasing-in-amorcage-dun-processus-dinnovation-publique-fr","status":"publish","type":"product","link":"https:\/\/www.shop.strategicdesignscenarios.net\/?product=phasing-in-amorcage-dun-processus-dinnovation-publique-fr","title":{"rendered":"Phasing-in : Amor\u00e7age d&rsquo;un processus d&rsquo;innovation publique | digital version (FR)"},"content":{"rendered":"<div class=\"page\" title=\"Page 99\">\n<div class=\"section\">\n<div class=\"layoutArea\">\n<div class=\"column\">\n<p>\u00ab\u00a0L\u2019amorc\u0327age d\u2019un processus d\u2019innovation publique c\u2019est l\u2019amorc\u0327age d\u2019un changement. Or, toute transformation de pratiques, de me\u0301thodes et d\u2019outils au sein d\u2019une structure, quelle qu\u2019elle soit, prend du temps. Pluto\u0302t que d\u2019essayer de \u00ab de\u0301cre\u0301ter \u00bb le changement, il convient de l\u2019enclencher lentement, progressivement ; il s\u2019agit d\u2019une strate\u0301gie de \u201cphasing-in\u201c.<br \/>\nSDS s\u2019appuie sur plus de 20 anne\u0301es d\u2019expe\u0301riences en matie\u0300re d\u2019innovation multiformes conduites dans tous secteurs et a\u0300 tous les niveaux de gouvernance. En particulier cet ouvrage fait e\u0301tat de deux processus conduits re\u0301cemment en Belgique : L\u2019organisation d\u2019une Journe\u0301e de l\u2019Innovation a\u0300 la Fe\u0301de\u0301ration Wallonie-Bruxelles et la mise en place d\u2019un Labo d\u2019innovation publique au Service Public de Wallonie.<br \/>\nLa narration des deux parcours paralle\u0300les est commente\u0301e par de nombreux entretiens avec des protagonistes, agents et de\u0301cideurs implique\u0301s a\u0300 diffe\u0301rents niveaux permettant de de\u0301crypter les strate\u0301gies emprunte\u0301es, les risques et les doutes, les moteurs de changement et les apprentissages au fil de l\u2019eau.<br \/>\nCe livre entend contribuer a\u0300 nourrir les e\u0301changes et la re\u0301flexion avec la communaute\u0301 internationale des Labos d\u2019innovation publique. Les 10 dernie\u0300res anne\u0301es ont vu l\u2019e\u0301mergence de nouvelles formes et initiatives d\u2019innovations internes et externes aux organisations publiques. Il est maintenant temps de capitaliser sur ces multiples expe\u0301riences et pour ce faire un effort de narration et de mise en commun des expe\u0301riences est fondamental\u00a0\u00bb.<\/p>\n<p>Publication \u00e9dit\u00e9e par Fran\u00e7ois J\u00e9gou et Christophe Gouache.<\/p>\n<p>Version digitale PDF<br \/>\nFormat : A5<br \/>\nNombre de pages : 196 pages<\/p>\n<p>E\u0301dition : Strategic Design Scenarios Publishing<br \/>\nISBN : 978-2-9601314-1-3<br \/>\nDe\u0301po\u0302t le\u0301gal : D\/2018\/2.9601314\/2<br \/>\nDate de de\u0301po\u0302t : 02\/02\/2018<br \/>\nCre\u0301ation de la mise en page et distribution du livre : Strategic Design Scenarios<\/p>\n<\/div>\n<p><strong>Si vous souhaitez commander la version papier, merci d&rsquo;envoyer un email \u00e0 christophe@strategicdesignscenarios.net\u00a0<\/strong><\/p>\n<\/div>\n<\/div>\n<\/div>\n","protected":false},"excerpt":{"rendered":"<p>\u00ab\u00a0L\u2019amorc\u0327age d\u2019un processus d\u2019innovation publique c\u2019est l\u2019amorc\u0327age d\u2019un changement. Or, toute transformation de pratiques, de me\u0301thodes et d\u2019outils au sein d\u2019une structure, quelle qu\u2019elle soit, prend du temps. Pluto\u0302t que d\u2019essayer de \u00ab de\u0301cre\u0301ter \u00bb le changement, il convient de l\u2019enclencher lentement, progressivement ; il s\u2019agit d\u2019une strate\u0301gie de \u201cphasing-in\u201c. SDS s\u2019appuie sur plus de [&hellip;]<\/p>\n","protected":false},"featured_media":302,"template":"","meta":[],"product_cat":[],"product_tag":[],"_links":{"self":[{"href":"https:\/\/www.shop.strategicdesignscenarios.net\/index.php?rest_route=\/wp\/v2\/product\/94"}],"collection":[{"href":"https:\/\/www.shop.strategicdesignscenarios.net\/index.php?rest_route=\/wp\/v2\/product"}],"about":[{"href":"https:\/\/www.shop.strategicdesignscenarios.net\/index.php?rest_route=\/wp\/v2\/types\/product"}],"wp:featuredmedia":[{"embeddable":true,"href":"https:\/\/www.shop.strategicdesignscenarios.net\/index.php?rest_route=\/wp\/v2\/media\/302"}],"wp:attachment":[{"href":"https:\/\/www.shop.strategicdesignscenarios.net\/index.php?rest_route=%2Fwp%2Fv2%2Fmedia&parent=94"}],"wp:term":[{"taxonomy":"product_cat","embeddable":true,"href":"https:\/\/www.shop.strategicdesignscenarios.net\/index.php?rest_route=%2Fwp%2Fv2%2Fproduct_cat&post=94"},{"taxonomy":"product_tag","embeddable":true,"href":"https:\/\/www.shop.strategicdesignscenarios.net\/index.php?rest_route=%2Fwp%2Fv2%2Fproduct_tag&post=94"}],"curies":[{"name":"wp","href":"https:\/\/api.w.org\/{rel}","templated":true}]}}